{"id":757,"date":"2022-02-22T16:06:23","date_gmt":"2022-02-22T19:06:23","guid":{"rendered":"https:\/\/digcomvisual.com.br\/cartaodigital\/?post_type=product&#038;p=757"},"modified":"2023-10-02T21:24:03","modified_gmt":"2023-10-03T00:24:03","slug":"cartao-digital-modelo-10","status":"publish","type":"product","link":"https:\/\/digcomvisual.com.br\/cartaodigital\/produto\/cartao-digital-modelo-10\/","title":{"rendered":"Cart\u00e3o Digital Modelo 10"},"content":{"rendered":"<p>Cart\u00e3o de Visita Interativo, 100% sustent\u00e1vel.<br \/>\nO cart\u00e3o de visita interativo \u00e9 um cart\u00e3o em PDF com \u00edcones clic\u00e1veis que direcionam para os links de destino (WhatsApp, Facebook, Instagram, Localiza\u00e7\u00e3o, Site, etc.).<br \/>\nFormatos de envio:<\/p>\n<p><strong>\u2013 PDF<\/strong><br \/>\n<strong>\u2013 QrCode<\/strong><br \/>\n<strong>\u2013 Link<\/strong><\/p>\n","protected":false},"excerpt":{"rendered":"<p>Ap\u00f3s a confirma\u00e7\u00e3o de pagamento e envio dos dados um modelo ser\u00e1 enviado para aprova\u00e7\u00e3o em at\u00e9 <strong>24h.<\/strong><\/p>\n","protected":false},"featured_media":758,"comment_status":"open","ping_status":"closed","template":"","meta":{"site-sidebar-layout":"default","site-content-layout":"default","ast-site-content-layout":"default","site-content-style":"default","site-sidebar-style":"default","ast-global-header-display":"","ast-banner-title-visibility":"","ast-main-header-display":"","ast-hfb-above-header-display":"","ast-hfb-below-header-display":"","ast-hfb-mobile-header-display":"","site-post-title":"","ast-breadcrumbs-content":"","ast-featured-img":"","footer-sml-layout":"","theme-transparent-header-meta":"default","adv-header-id-meta":"","stick-header-meta":"","header-above-stick-meta":"","header-main-stick-meta":"","header-below-stick-meta":"","astra-migrate-meta-layouts":"set"},"product_cat":[15],"product_tag":[],"_links":{"self":[{"href":"https:\/\/digcomvisual.com.br\/cartaodigital\/wp-json\/wp\/v2\/product\/757"}],"collection":[{"href":"https:\/\/digcomvisual.com.br\/cartaodigital\/wp-json\/wp\/v2\/product"}],"about":[{"href":"https:\/\/digcomvisual.com.br\/cartaodigital\/wp-json\/wp\/v2\/types\/product"}],"replies":[{"embeddable":true,"href":"https:\/\/digcomvisual.com.br\/cartaodigital\/wp-json\/wp\/v2\/comments?post=757"}],"wp:featuredmedia":[{"embeddable":true,"href":"https:\/\/digcomvisual.com.br\/cartaodigital\/wp-json\/wp\/v2\/media\/758"}],"wp:attachment":[{"href":"https:\/\/digcomvisual.com.br\/cartaodigital\/wp-json\/wp\/v2\/media?parent=757"}],"wp:term":[{"taxonomy":"product_cat","embeddable":true,"href":"https:\/\/digcomvisual.com.br\/cartaodigital\/wp-json\/wp\/v2\/product_cat?post=757"},{"taxonomy":"product_tag","embeddable":true,"href":"https:\/\/digcomvisual.com.br\/cartaodigital\/wp-json\/wp\/v2\/product_tag?post=757"}],"curies":[{"name":"wp","href":"https:\/\/api.w.org\/{rel}","templated":true}]}}